{"id":169,"date":"2021-02-10T18:44:40","date_gmt":"2021-02-10T17:44:40","guid":{"rendered":"http:\/\/costa-antoine.fr\/?page_id=169"},"modified":"2021-02-10T18:44:41","modified_gmt":"2021-02-10T17:44:41","slug":"idees-pratiques","status":"publish","type":"page","link":"http:\/\/costa-antoine.fr\/?page_id=169","title":{"rendered":"Id\u00e9es Pratiques"},"content":{"rendered":"<style type=\"text\/css\">\r\n\t.ads_top_disp{}\r\n\t.ads_top_corner_disp{ float:left; margin:0px 10px 10px 0px; }\r\n\t.ads_first_p_disp{}\r\n\t.ads_bottom_disp{}\r\n\t<\/style>\n<p><strong>Assurances:<\/strong><br>Pour tout impr\u00e9vu, il y a deux compagnies d\u2019assurances dans le pays. Toutes les deux ont des filiales dans les principales \u00eeles. Les assureurs pratiquent plusieurs modalit\u00e9s et couvrent tout le territoire national.<br><strong>V\u00eatements:<\/strong><br>\u00c9tant donn\u00e9 le climat tropical sec, avec une temp\u00e9rature moyenne de 25\u00b0C, il est conseill\u00e9 de pr\u00e9voir des v\u00eatements l\u00e9gers pendant toute l\u2019ann\u00e9e ainsi qu\u2019un maillot de bain. Les mois les plus chauds sont juin, juillet, ao\u00fbt et septembre. Un v\u00eatement de laine est n\u00e9cessaire, pendant la saison des vents.<br><strong>Langue:<\/strong><br>Le cr\u00e9ole est la langue parl\u00e9e dans tout l\u2019archipel, mais le portugais est la langue officielle. Dans les centres urbains et les principaux points touristiques du pays, l\u2019anglais, le fran\u00e7ais, l\u2019espagnol et l\u2019italien sont bien compris par la population.<br><strong>Eau:<\/strong><br>Au Cap-Vert, l\u2019eau est pr\u00e9cieuse, c\u2019est la raison pour laquelle toute d\u00e9pense doit \u00eatre \u00e9vit\u00e9e. Pour la consommation, il est conseill\u00e9 de boire l\u2019eau min\u00e9rale.<br><strong>Transports :<\/strong><br>Les principaux centres urbains disposent d\u2019un r\u00e9seau de transports publics qui garantit les liaisons entre diverses localit\u00e9s. Il existe un bon nombre de taxis qui disposent de compteurs) et des minibus commun\u00e9ment appel\u00e9s HIACE) La location de v\u00e9hicules est \u00e9galement possible.<br><strong>Itin\u00e9raire et Agences de voyages :<\/strong><br>Il y a plusieurs agences de voyages dans tout le pays qui sont, avec la TACV Transports A\u00e9riens du Cap-Vert) reli\u00e9es aux op\u00e9rateurs touristiques et aux soci\u00e9t\u00e9s a\u00e9riennes du monde entier.<\/p>\n","protected":false},"excerpt":{"rendered":"<p>Assurances:Pour tout impr\u00e9vu, il y a deux compagnies d\u2019assurances dans le pays. Toutes les deux ont des filiales dans les principales \u00eeles. Les assureurs pratiquent plusieurs modalit\u00e9s et couvrent tout le territoire national.V\u00eatements:\u00c9tant donn\u00e9 le climat tropical sec, avec une temp\u00e9rature moyenne de 25\u00b0C, il est conseill\u00e9 de pr\u00e9voir des v\u00eatements l\u00e9gers pendant toute l\u2019ann\u00e9e<\/p><\/div>\n<div class=\"blog-btn\"><a href=\"http:\/\/costa-antoine.fr\/?page_id=169\" class=\"home-blog-btn\">Lire la suite<\/a><\/p>\n","protected":false},"author":1,"featured_media":0,"parent":0,"menu_order":0,"comment_status":"closed","ping_status":"closed","template":"","meta":[],"_links":{"self":[{"href":"http:\/\/costa-antoine.fr\/index.php?rest_route=\/wp\/v2\/pages\/169"}],"collection":[{"href":"http:\/\/costa-antoine.fr\/index.php?rest_route=\/wp\/v2\/pages"}],"about":[{"href":"http:\/\/costa-antoine.fr\/index.php?rest_route=\/wp\/v2\/types\/page"}],"author":[{"embeddable":true,"href":"http:\/\/costa-antoine.fr\/index.php?rest_route=\/wp\/v2\/users\/1"}],"replies":[{"embeddable":true,"href":"http:\/\/costa-antoine.fr\/index.php?rest_route=%2Fwp%2Fv2%2Fcomments&post=169"}],"version-history":[{"count":1,"href":"http:\/\/costa-antoine.fr\/index.php?rest_route=\/wp\/v2\/pages\/169\/revisions"}],"predecessor-version":[{"id":171,"href":"http:\/\/costa-antoine.fr\/index.php?rest_route=\/wp\/v2\/pages\/169\/revisions\/171"}],"wp:attachment":[{"href":"http:\/\/costa-antoine.fr\/index.php?rest_route=%2Fwp%2Fv2%2Fmedia&parent=169"}],"curies":[{"name":"wp","href":"https:\/\/api.w.org\/{rel}","templated":true}]}}